{"id":44,"date":"2023-08-01T09:23:13","date_gmt":"2023-08-01T09:23:13","guid":{"rendered":"https:\/\/hiuskolmio.fi\/?page_id=44"},"modified":"2023-10-08T17:45:51","modified_gmt":"2023-10-08T17:45:51","slug":"hiuskolmio","status":"publish","type":"page","link":"https:\/\/hiuskolmio.fi\/","title":{"rendered":"Etusivu"},"content":{"rendered":"\n<div class=\"wp-block-group alignfull has-text-color has-background\" style=\"color:#000000;background-color:#ffffff\"><div class=\"wp-block-group__inner-container is-layout-flow wp-block-group-is-layout-flow\">\n<div class=\"wp-block-buttons is-horizontal is-content-justification-center is-layout-flex wp-container-core-buttons-is-layout-1891d752 wp-block-buttons-is-layout-flex\">\n<div class=\"wp-block-button has-custom-width wp-block-button__width-50 is-style-outline is-style-outline--1\"><a class=\"wp-block-button__link has-text-color has-background wp-element-button\" href=\"https:\/\/hiuskolmio.fi\/?page_id=88\" style=\"border-radius:50px;color:#ffffff;background-color:#000000\">Varaa aika<\/a><\/div>\n<\/div>\n\n\n\n<div style=\"height:64px\" aria-hidden=\"true\" class=\"wp-block-spacer\"><\/div>\n<\/div><\/div>\n\n\n\n<div class=\"wp-block-media-text alignwide is-stacked-on-mobile is-vertically-aligned-center has-background\" style=\"background-color:#fffdea\"><figure class=\"wp-block-media-text__media\"><img loading=\"lazy\" decoding=\"async\" width=\"1024\" height=\"1024\" src=\"https:\/\/hiuskolmio.fi\/wp-content\/uploads\/2023\/10\/9c3b9587-0c00-4f76-b356-6fc015a9027a-1024x1024.jpg\" alt=\"\" class=\"wp-image-298 size-full\" srcset=\"https:\/\/hiuskolmio.fi\/wp-content\/uploads\/2023\/10\/9c3b9587-0c00-4f76-b356-6fc015a9027a-1024x1024.jpg 1024w, https:\/\/hiuskolmio.fi\/wp-content\/uploads\/2023\/10\/9c3b9587-0c00-4f76-b356-6fc015a9027a-300x300.jpg 300w, https:\/\/hiuskolmio.fi\/wp-content\/uploads\/2023\/10\/9c3b9587-0c00-4f76-b356-6fc015a9027a-150x150.jpg 150w, https:\/\/hiuskolmio.fi\/wp-content\/uploads\/2023\/10\/9c3b9587-0c00-4f76-b356-6fc015a9027a-768x768.jpg 768w, https:\/\/hiuskolmio.fi\/wp-content\/uploads\/2023\/10\/9c3b9587-0c00-4f76-b356-6fc015a9027a-1536x1536.jpg 1536w, https:\/\/hiuskolmio.fi\/wp-content\/uploads\/2023\/10\/9c3b9587-0c00-4f76-b356-6fc015a9027a-435x435.jpg 435w, https:\/\/hiuskolmio.fi\/wp-content\/uploads\/2023\/10\/9c3b9587-0c00-4f76-b356-6fc015a9027a-60x60.jpg 60w, https:\/\/hiuskolmio.fi\/wp-content\/uploads\/2023\/10\/9c3b9587-0c00-4f76-b356-6fc015a9027a.jpg 1920w\" sizes=\"auto, (max-width: 1024px) 100vw, 1024px\" \/><\/figure><div class=\"wp-block-media-text__content\">\n<div class=\"wp-block-group\" style=\"padding-top:2em;padding-right:2em;padding-bottom:2em;padding-left:2em\"><div class=\"wp-block-group__inner-container is-layout-flow wp-block-group-is-layout-flow\">\n<p>Vuodesta 1991 olemme palvelleet asiakkaitamme Vihdin Nummelassa. Kauneudenhoitolamme ja parturi-kampaamomme sijaitsee idyllisess\u00e4 vanhassa puutalossa, jossa talvella asiakkaita l\u00e4mmitt\u00e4\u00e4 vanha p\u00f6ntt\u00f6uuni. Talvella uuni l\u00e4mpe\u00e4\u00e4 aidoilla koivuhaloilla, mik\u00e4 luo asiakkaalle tunteen luonnonl\u00e4heisyydest\u00e4.<\/p>\n<\/div><\/div>\n<\/div><\/div>\n\n\n\n<div class=\"wp-block-media-text alignwide has-media-on-the-right is-stacked-on-mobile is-vertically-aligned-center has-background\" style=\"background-color:#f1f5c7\"><div class=\"wp-block-media-text__content\">\n<div class=\"wp-block-group\" style=\"padding-top:2em;padding-right:2em;padding-bottom:2em;padding-left:2em\"><div class=\"wp-block-group__inner-container is-layout-flow wp-block-group-is-layout-flow\">\n<p>Vahvuuksiimme kuuluu asiakkaiden toiveiden visuaalinen hahmottaminen ja toteuttaminen. Panostamme rentouttavaan hetkeen, yksil\u00f6lliseen palveluun ja hemmotteluun. Hoitolassa korostamme ekologisuutta, luonnonl\u00e4heisyytt\u00e4 ja puhtaita raaka-aineita!<\/p>\n<\/div><\/div>\n<\/div><figure class=\"wp-block-media-text__media\"><img loading=\"lazy\" decoding=\"async\" width=\"1024\" height=\"1024\" src=\"https:\/\/hiuskolmio.fi\/wp-content\/uploads\/2023\/10\/5d8b1bc5-0dd1-499e-b83d-08695ef86697-1024x1024.jpg\" alt=\"\" class=\"wp-image-299 size-full\" srcset=\"https:\/\/hiuskolmio.fi\/wp-content\/uploads\/2023\/10\/5d8b1bc5-0dd1-499e-b83d-08695ef86697-1024x1024.jpg 1024w, https:\/\/hiuskolmio.fi\/wp-content\/uploads\/2023\/10\/5d8b1bc5-0dd1-499e-b83d-08695ef86697-300x300.jpg 300w, https:\/\/hiuskolmio.fi\/wp-content\/uploads\/2023\/10\/5d8b1bc5-0dd1-499e-b83d-08695ef86697-150x150.jpg 150w, https:\/\/hiuskolmio.fi\/wp-content\/uploads\/2023\/10\/5d8b1bc5-0dd1-499e-b83d-08695ef86697-768x768.jpg 768w, https:\/\/hiuskolmio.fi\/wp-content\/uploads\/2023\/10\/5d8b1bc5-0dd1-499e-b83d-08695ef86697-1536x1536.jpg 1536w, https:\/\/hiuskolmio.fi\/wp-content\/uploads\/2023\/10\/5d8b1bc5-0dd1-499e-b83d-08695ef86697-435x435.jpg 435w, https:\/\/hiuskolmio.fi\/wp-content\/uploads\/2023\/10\/5d8b1bc5-0dd1-499e-b83d-08695ef86697-60x60.jpg 60w, https:\/\/hiuskolmio.fi\/wp-content\/uploads\/2023\/10\/5d8b1bc5-0dd1-499e-b83d-08695ef86697.jpg 1920w\" sizes=\"auto, (max-width: 1024px) 100vw, 1024px\" \/><\/figure><\/div>\n","protected":false},"excerpt":{"rendered":"","protected":false},"author":1,"featured_media":0,"parent":0,"menu_order":0,"comment_status":"closed","ping_status":"closed","template":"","meta":{"footnotes":""},"class_list":["post-44","page","type-page","status-publish","hentry"],"_links":{"self":[{"href":"https:\/\/hiuskolmio.fi\/index.php?rest_route=\/wp\/v2\/pages\/44","targetHints":{"allow":["GET"]}}],"collection":[{"href":"https:\/\/hiuskolmio.fi\/index.php?rest_route=\/wp\/v2\/pages"}],"about":[{"href":"https:\/\/hiuskolmio.fi\/index.php?rest_route=\/wp\/v2\/types\/page"}],"author":[{"embeddable":true,"href":"https:\/\/hiuskolmio.fi\/index.php?rest_route=\/wp\/v2\/users\/1"}],"replies":[{"embeddable":true,"href":"https:\/\/hiuskolmio.fi\/index.php?rest_route=%2Fwp%2Fv2%2Fcomments&post=44"}],"version-history":[{"count":15,"href":"https:\/\/hiuskolmio.fi\/index.php?rest_route=\/wp\/v2\/pages\/44\/revisions"}],"predecessor-version":[{"id":300,"href":"https:\/\/hiuskolmio.fi\/index.php?rest_route=\/wp\/v2\/pages\/44\/revisions\/300"}],"wp:attachment":[{"href":"https:\/\/hiuskolmio.fi\/index.php?rest_route=%2Fwp%2Fv2%2Fmedia&parent=44"}],"curies":[{"name":"wp","href":"https:\/\/api.w.org\/{rel}","templated":true}]}}