{"id":51,"date":"2023-09-02T20:22:21","date_gmt":"2023-09-02T20:22:21","guid":{"rendered":"https:\/\/hiuskolmio.fi\/?page_id=51"},"modified":"2023-10-08T17:35:02","modified_gmt":"2023-10-08T17:35:02","slug":"ripsienpidennykset","status":"publish","type":"page","link":"https:\/\/hiuskolmio.fi\/?page_id=51","title":{"rendered":"Ripsienpidennykset"},"content":{"rendered":"<div class=\"wp-block-image\">\n<figure class=\"aligncenter size-full is-resized\"><img loading=\"lazy\" decoding=\"async\" src=\"https:\/\/hiuskolmio.fi\/wp-content\/uploads\/2023\/08\/Xtreme-lashes.jpeg\" alt=\"\" class=\"wp-image-143\" style=\"width:437px;height:145px\" width=\"437\" height=\"145\" srcset=\"https:\/\/hiuskolmio.fi\/wp-content\/uploads\/2023\/08\/Xtreme-lashes.jpeg 389w, https:\/\/hiuskolmio.fi\/wp-content\/uploads\/2023\/08\/Xtreme-lashes-300x99.jpeg 300w, https:\/\/hiuskolmio.fi\/wp-content\/uploads\/2023\/08\/Xtreme-lashes-181x60.jpeg 181w\" sizes=\"auto, (max-width: 437px) 100vw, 437px\" \/><\/figure>\n<\/div>\n\n\n<hr class=\"wp-block-separator has-css-opacity is-style-default\"\/>\n\n\n\n<p>Xtreme Lashes on maailman johtava ripsienpidennysmerkki, joka on markkinoiden laadukkain ja suosituin ripsienpidennysmetodi. Sen koulutusohjelma on yksityiskohtaisin ja turvallisuusasiat parhaiten huomioon ottava. My\u00f6s oma ripisteknikkomme on k\u00e4ynyt kyseisen koulutuksen.<\/p>\n\n\n\n<p>Luomme asiakkaan toiveiden mukaiset ripset. Teemme sek\u00e4 klassisia, volyymi ett\u00e4 hybridi ripsienpidennyksi\u00e4. Xtreme Lashesin ripsiliima on l\u00e4\u00e4k\u00e4reiden kehitt\u00e4m\u00e4!<\/p>\n\n\n\n<p>Ripsienpidennysten hinta riippuu siit\u00e4, millaiset ripset haluat.<\/p>\n\n\n\n<ul class=\"wp-block-list\">\n<li>Klassiset ripset 140\u20ac<\/li>\n\n\n\n<li>Volyymiripset 155\u20ac<\/li>\n\n\n\n<li>Hybridiripset 159\u20ac <\/li>\n<\/ul>\n\n\n\n<p>Huollot maksavat tyylist\u00e4 riippuen 72-85\u20ac.<\/p>\n\n\n\n<div class=\"wp-block-group alignfull has-text-color has-background\" style=\"color:#000000;background-color:#ffffff\"><div class=\"wp-block-group__inner-container is-layout-flow wp-block-group-is-layout-flow\">\n<div class=\"wp-block-buttons is-horizontal is-content-justification-center is-layout-flex wp-container-core-buttons-is-layout-499968f5 wp-block-buttons-is-layout-flex\">\n<div class=\"wp-block-button has-custom-width wp-block-button__width-50\"><a class=\"wp-block-button__link has-text-color has-background wp-element-button\" href=\"https:\/\/hiuskolmio.fi\/?page_id=88\" style=\"border-radius:50px;color:#ffffff;background-color:#000000\">Varaa aika<\/a><\/div>\n<\/div>\n<\/div><\/div>\n\n\n\n<figure class=\"wp-block-gallery alignwide has-nested-images columns-default is-cropped wp-block-gallery-1 is-layout-flex wp-block-gallery-is-layout-flex\">\n<figure class=\"wp-block-image size-full\"><img loading=\"lazy\" decoding=\"async\" width=\"499\" height=\"499\" data-id=\"206\" src=\"https:\/\/hiuskolmio.fi\/wp-content\/uploads\/2023\/09\/7205dd7b-f0c7-4aeb-a729-71206f2f6d6c.jpg\" alt=\"\" class=\"wp-image-206\" srcset=\"https:\/\/hiuskolmio.fi\/wp-content\/uploads\/2023\/09\/7205dd7b-f0c7-4aeb-a729-71206f2f6d6c.jpg 499w, https:\/\/hiuskolmio.fi\/wp-content\/uploads\/2023\/09\/7205dd7b-f0c7-4aeb-a729-71206f2f6d6c-300x300.jpg 300w, https:\/\/hiuskolmio.fi\/wp-content\/uploads\/2023\/09\/7205dd7b-f0c7-4aeb-a729-71206f2f6d6c-150x150.jpg 150w, https:\/\/hiuskolmio.fi\/wp-content\/uploads\/2023\/09\/7205dd7b-f0c7-4aeb-a729-71206f2f6d6c-435x435.jpg 435w, https:\/\/hiuskolmio.fi\/wp-content\/uploads\/2023\/09\/7205dd7b-f0c7-4aeb-a729-71206f2f6d6c-60x60.jpg 60w\" sizes=\"auto, (max-width: 499px) 100vw, 499px\" \/><\/figure>\n\n\n\n<figure class=\"wp-block-image size-large\"><img loading=\"lazy\" decoding=\"async\" width=\"1024\" height=\"1024\" data-id=\"207\" src=\"https:\/\/hiuskolmio.fi\/wp-content\/uploads\/2023\/09\/ripset-1024x1024.jpeg\" alt=\"\" class=\"wp-image-207\" srcset=\"https:\/\/hiuskolmio.fi\/wp-content\/uploads\/2023\/09\/ripset-1024x1024.jpeg 1024w, https:\/\/hiuskolmio.fi\/wp-content\/uploads\/2023\/09\/ripset-300x300.jpeg 300w, https:\/\/hiuskolmio.fi\/wp-content\/uploads\/2023\/09\/ripset-150x150.jpeg 150w, https:\/\/hiuskolmio.fi\/wp-content\/uploads\/2023\/09\/ripset-768x768.jpeg 768w, https:\/\/hiuskolmio.fi\/wp-content\/uploads\/2023\/09\/ripset-435x435.jpeg 435w, https:\/\/hiuskolmio.fi\/wp-content\/uploads\/2023\/09\/ripset-60x60.jpeg 60w, https:\/\/hiuskolmio.fi\/wp-content\/uploads\/2023\/09\/ripset.jpeg 1200w\" sizes=\"auto, (max-width: 1024px) 100vw, 1024px\" \/><\/figure>\n<\/figure>\n","protected":false},"excerpt":{"rendered":"<p>Xtreme Lashes on maailman johtava ripsienpidennysmerkki, joka on markkinoiden laadukkain ja suosituin ripsienpidennysmetodi. Sen koulutusohjelma on yksityiskohtaisin ja turvallisuusasiat parhaiten huomioon ottava. My\u00f6s oma ripisteknikkomme on k\u00e4ynyt kyseisen koulutuksen. Luomme asiakkaan toiveiden mukaiset ripset. Teemme sek\u00e4 klassisia, volyymi ett\u00e4 hybridi ripsienpidennyksi\u00e4. Xtreme Lashesin ripsiliima on l\u00e4\u00e4k\u00e4reiden kehitt\u00e4m\u00e4! Ripsienpidennysten hinta riippuu siit\u00e4, millaiset ripset haluat. Huollot &hellip; <\/p>\n","protected":false},"author":1,"featured_media":0,"parent":0,"menu_order":0,"comment_status":"closed","ping_status":"closed","template":"","meta":{"footnotes":""},"class_list":["post-51","page","type-page","status-publish","hentry"],"_links":{"self":[{"href":"https:\/\/hiuskolmio.fi\/index.php?rest_route=\/wp\/v2\/pages\/51","targetHints":{"allow":["GET"]}}],"collection":[{"href":"https:\/\/hiuskolmio.fi\/index.php?rest_route=\/wp\/v2\/pages"}],"about":[{"href":"https:\/\/hiuskolmio.fi\/index.php?rest_route=\/wp\/v2\/types\/page"}],"author":[{"embeddable":true,"href":"https:\/\/hiuskolmio.fi\/index.php?rest_route=\/wp\/v2\/users\/1"}],"replies":[{"embeddable":true,"href":"https:\/\/hiuskolmio.fi\/index.php?rest_route=%2Fwp%2Fv2%2Fcomments&post=51"}],"version-history":[{"count":8,"href":"https:\/\/hiuskolmio.fi\/index.php?rest_route=\/wp\/v2\/pages\/51\/revisions"}],"predecessor-version":[{"id":297,"href":"https:\/\/hiuskolmio.fi\/index.php?rest_route=\/wp\/v2\/pages\/51\/revisions\/297"}],"wp:attachment":[{"href":"https:\/\/hiuskolmio.fi\/index.php?rest_route=%2Fwp%2Fv2%2Fmedia&parent=51"}],"curies":[{"name":"wp","href":"https:\/\/api.w.org\/{rel}","templated":true}]}}